{"id":3121,"date":"2021-04-20T15:07:30","date_gmt":"2021-04-20T13:07:30","guid":{"rendered":"https:\/\/www.gilde.ch\/?page_id=3121"},"modified":"2025-09-24T16:33:13","modified_gmt":"2025-09-24T14:33:13","slug":"geoeffnete-terrassen","status":"publish","type":"page","link":"https:\/\/www.gilde.ch\/de\/restaurant-suche\/geoeffnete-terrassen\/","title":{"rendered":"Ge\u00f6ffnete Terrassen"},"content":{"rendered":"\n<p>Ihnen ist nach frischer Luft und sch\u00f6nen Blumen?  Ein Restaurant mit einer sch\u00f6nen Terrasse oder einem gepflegten Garten bietet sich hierf\u00fcr perfekt an. Vor allem, wenn diese noch einen sch\u00f6nen Ausblick ins Gr\u00fcne anbietet. So kann der Kopf gel\u00fcftet, der Alltag abgesch\u00fcttelt und die Gedanken auf sch\u00f6ne Momente gerichtet werden. Vor allem nach einem anstrengenden Arbeitstag eignet sich diese L\u00f6sung perfekt zum Entspannen an. Vertreten Sie sich die F\u00fcsse und machen Sie anschliessend auf einer h\u00fcbschen Terrasse halt. Damit Sie auch genau wissen, wo es diese gibt, haben wir Ihnen hier einen \u00dcberblick. Viel Spass beim Suchen und Entdecken!<\/p>\n","protected":false},"excerpt":{"rendered":"<p>Ihnen ist nach frischer Luft und sch\u00f6nen Blumen? Ein Restaurant mit einer sch\u00f6nen Terrasse oder einem gepflegten Garten bietet sich hierf\u00fcr perfekt an. Vor allem, wenn diese noch einen sch\u00f6nen Ausblick ins Gr\u00fcne anbietet. So kann der Kopf gel\u00fcftet, der Alltag abgesch\u00fcttelt und die Gedanken auf sch\u00f6ne Momente gerichtet werden. Vor allem nach einem anstrengenden [&hellip;]<\/p>\n","protected":false},"author":2,"featured_media":0,"parent":33705,"menu_order":0,"comment_status":"closed","ping_status":"closed","template":"page-restaurants.php","meta":{"_acf_changed":false,"footnotes":""},"class_list":["post-3121","page","type-page","status-publish","hentry"],"acf":[],"_links":{"self":[{"href":"https:\/\/www.gilde.ch\/de\/wp-json\/wp\/v2\/pages\/3121\/"}],"collection":[{"href":"https:\/\/www.gilde.ch\/de\/wp-json\/wp\/v2\/pages\/"}],"about":[{"href":"https:\/\/www.gilde.ch\/de\/wp-json\/wp\/v2\/types\/page\/"}],"author":[{"embeddable":true,"href":"https:\/\/www.gilde.ch\/de\/wp-json\/wp\/v2\/users\/2\/"}],"replies":[{"embeddable":true,"href":"https:\/\/www.gilde.ch\/de\/wp-json\/wp\/v2\/comments\/?post=3121"}],"version-history":[{"count":1,"href":"https:\/\/www.gilde.ch\/de\/wp-json\/wp\/v2\/pages\/3121\/revisions\/"}],"predecessor-version":[{"id":39394,"href":"https:\/\/www.gilde.ch\/de\/wp-json\/wp\/v2\/pages\/3121\/revisions\/39394\/"}],"up":[{"embeddable":true,"href":"https:\/\/www.gilde.ch\/de\/wp-json\/wp\/v2\/pages\/33705\/"}],"wp:attachment":[{"href":"https:\/\/www.gilde.ch\/de\/wp-json\/wp\/v2\/media\/?parent=3121"}],"curies":[{"name":"wp","href":"https:\/\/api.w.org\/{rel}","templated":true}]}}