{"id":245,"date":"2019-11-07T15:20:41","date_gmt":"2019-11-07T14:20:41","guid":{"rendered":"http:\/\/gilde.ch\/?page_id=245"},"modified":"2026-02-26T13:34:40","modified_gmt":"2026-02-26T12:34:40","slug":"engagements","status":"publish","type":"page","link":"https:\/\/www.gilde.ch\/de\/ueber-uns\/engagements\/","title":{"rendered":"Engagements"},"content":{"rendered":"\n<h1 class=\"wp-block-heading\">Unsere Engagements als Gilde Fachvereinigung<\/h1>\n\n\n\n<div class=\"wp-block-columns is-layout-flex wp-container-core-columns-is-layout-28f84493 wp-block-columns-is-layout-flex\">\n<div class=\"wp-block-column is-vertically-aligned-center is-layout-flow wp-block-column-is-layout-flow\" style=\"flex-basis:66.66%\">\n<p>Das Engagement der Gilde etablierter Schweizer Gastronomen f\u00fcr den guten Ruf der Schweizer Gastronomie ist beeindruckend: Abgesehen vom j\u00e4hrlichen <strong>\u00abGilde Kochtag\u00bb<\/strong> organisiert die Gilde die j\u00e4hrlichen <strong>\u00abCharity Week\u00bb<\/strong>, engagiert sich die Gilde Fachvereinigung stark f\u00fcr <strong>Aus- und Weiterbildungen<\/strong> und pflegt wertvolle Kontakte im In- und Ausland.<\/p>\n<\/div>\n\n\n\n<div class=\"wp-block-column is-vertically-aligned-center is-layout-flow wp-block-column-is-layout-flow\" style=\"flex-basis:33.33%\"><\/div>\n<\/div>\n\n\n\n<h2 class=\"wp-block-heading\">Gilde Charity Weeks 2025<\/h2>\n\n\n\n<p><strong>August bis Dezember in der ganzen Schweiz<\/strong><\/p>\n\n\n\n<p><a href=\"https:\/\/www.multiplesklerose.ch\/de\/spenden-helfen\/benefizevents\/gilde-charity-herbst\/\">Alle Standorte und Charity Weeks<\/a><\/p>\n\n\n\n<p>Auch dieses Jahr engagieren sich viele Gilde-Betriebe \u00fcber den Gilde-Kochtag hinaus und f\u00fchren in ihrem Restaurant eine oder mehrere <strong>Charity Weeks<\/strong> durch \u2013 ganz im Zeichen der Solidarit\u00e4t mit Menschen, die an Multipler Sklerose erkrankt sind.<\/p>\n\n\n\n<p>W\u00e4hrend eines individuell gew\u00e4hlten Zeitraums servieren die teilnehmenden Restaurants ein spezielles <strong>Charity-Gericht<\/strong>, meist ein Risotto oder ein Wochenhit, bei dem pro Portion mindestens <strong>CHF 5.\u2013<\/strong> als Spende f\u00fcr die <strong>Schweizerische MS-Gesellschaft<\/strong> ausgewiesen sind.<\/p>\n\n\n\n<h2 class=\"wp-block-heading\">Unsere Sponsoren<\/h2>\n\n\n\n<div class=\"wp-block-columns is-layout-flex wp-container-core-columns-is-layout-28f84493 wp-block-columns-is-layout-flex\">\n<div class=\"wp-block-column is-layout-flow wp-block-column-is-layout-flow\" style=\"flex-basis:100%\">\n<div class=\"wp-block-group is-layout-flex wp-block-group-is-layout-flex\">\n<figure class=\"wp-block-image size-full is-resized\"><a href=\"\/de\/ueber-uns\/partner\/\"><img fetchpriority=\"high\" decoding=\"async\" width=\"442\" height=\"328\" src=\"https:\/\/www.gilde.ch\/wp-content\/uploads\/2024\/01\/Logo-marque-Butty-FoodService-.jpg\" alt=\"\" class=\"wp-image-31769\" style=\"width:70px\" srcset=\"https:\/\/www.gilde.ch\/wp-content\/uploads\/2024\/01\/Logo-marque-Butty-FoodService-.jpg 442w, https:\/\/www.gilde.ch\/wp-content\/uploads\/2024\/01\/Logo-marque-Butty-FoodService--300x223.jpg 300w\" sizes=\"(max-width: 442px) 100vw, 442px\" \/><\/a><\/figure>\n\n\n\n<figure class=\"wp-block-image size-full is-resized\"><a href=\"\/de\/ueber-uns\/partner\/\"><img decoding=\"async\" src=\"https:\/\/www.gilde.ch\/wp-content\/uploads\/2025\/09\/transgourmet_prodega-3.svg\" alt=\"\" class=\"wp-image-39798\" style=\"width:100px\"\/><\/a><\/figure>\n\n\n\n<figure class=\"wp-block-image size-large is-resized\"><a href=\"\/de\/ueber-uns\/partner\/\"><img decoding=\"async\" width=\"1024\" height=\"222\" src=\"https:\/\/www.gilde.ch\/wp-content\/uploads\/2025\/09\/swica-logo-rgb-3-1024x222.webp\" alt=\"\" class=\"wp-image-39799\" style=\"width:100px\" srcset=\"https:\/\/www.gilde.ch\/wp-content\/uploads\/2025\/09\/swica-logo-rgb-3-1024x222.webp 1024w, https:\/\/www.gilde.ch\/wp-content\/uploads\/2025\/09\/swica-logo-rgb-3-600x130.webp 600w, https:\/\/www.gilde.ch\/wp-content\/uploads\/2025\/09\/swica-logo-rgb-3-300x65.webp 300w, https:\/\/www.gilde.ch\/wp-content\/uploads\/2025\/09\/swica-logo-rgb-3-768x167.webp 768w, https:\/\/www.gilde.ch\/wp-content\/uploads\/2025\/09\/swica-logo-rgb-3-1536x333.webp 1536w, https:\/\/www.gilde.ch\/wp-content\/uploads\/2025\/09\/swica-logo-rgb-3-1200x260.webp 1200w, https:\/\/www.gilde.ch\/wp-content\/uploads\/2025\/09\/swica-logo-rgb-3-1800x391.webp 1800w, https:\/\/www.gilde.ch\/wp-content\/uploads\/2025\/09\/swica-logo-rgb-3.webp 2000w\" sizes=\"(max-width: 1024px) 100vw, 1024px\" \/><\/a><\/figure>\n\n\n\n<figure class=\"wp-block-image size-full is-resized\"><a href=\"\/de\/ueber-uns\/partner\/\"><img decoding=\"async\" width=\"466\" height=\"202\" src=\"https:\/\/www.gilde.ch\/wp-content\/uploads\/2025\/09\/LogoCerutti-3.webp\" alt=\"\" class=\"wp-image-39800\" style=\"width:100px\" srcset=\"https:\/\/www.gilde.ch\/wp-content\/uploads\/2025\/09\/LogoCerutti-3.webp 466w, https:\/\/www.gilde.ch\/wp-content\/uploads\/2025\/09\/LogoCerutti-3-300x130.webp 300w\" sizes=\"(max-width: 466px) 100vw, 466px\" \/><\/a><\/figure>\n\n\n\n<figure class=\"wp-block-image size-large is-resized\"><a href=\"\/de\/ueber-uns\/partner\/\"><img loading=\"lazy\" decoding=\"async\" width=\"1024\" height=\"666\" src=\"https:\/\/www.gilde.ch\/wp-content\/uploads\/2025\/09\/Factsheet-Food-Service-App-210X297mm-3-1024x666.webp\" alt=\"\" class=\"wp-image-39801\" style=\"width:100px\" srcset=\"https:\/\/www.gilde.ch\/wp-content\/uploads\/2025\/09\/Factsheet-Food-Service-App-210X297mm-3-1024x666.webp 1024w, https:\/\/www.gilde.ch\/wp-content\/uploads\/2025\/09\/Factsheet-Food-Service-App-210X297mm-3-600x390.webp 600w, https:\/\/www.gilde.ch\/wp-content\/uploads\/2025\/09\/Factsheet-Food-Service-App-210X297mm-3-300x195.webp 300w, https:\/\/www.gilde.ch\/wp-content\/uploads\/2025\/09\/Factsheet-Food-Service-App-210X297mm-3-768x500.webp 768w, https:\/\/www.gilde.ch\/wp-content\/uploads\/2025\/09\/Factsheet-Food-Service-App-210X297mm-3-1200x781.webp 1200w, https:\/\/www.gilde.ch\/wp-content\/uploads\/2025\/09\/Factsheet-Food-Service-App-210X297mm-3.webp 1465w\" sizes=\"(max-width: 1024px) 100vw, 1024px\" \/><\/a><\/figure>\n\n\n\n<figure class=\"wp-block-image size-full is-resized\"><a href=\"\/de\/ueber-uns\/partner\/\"><img loading=\"lazy\" decoding=\"async\" width=\"960\" height=\"960\" src=\"https:\/\/www.gilde.ch\/wp-content\/uploads\/2025\/09\/18b780e3_71d97150-Duni-4.webp\" alt=\"\" class=\"wp-image-39802\" style=\"width:100px\" srcset=\"https:\/\/www.gilde.ch\/wp-content\/uploads\/2025\/09\/18b780e3_71d97150-Duni-4.webp 960w, https:\/\/www.gilde.ch\/wp-content\/uploads\/2025\/09\/18b780e3_71d97150-Duni-4-300x300.webp 300w, https:\/\/www.gilde.ch\/wp-content\/uploads\/2025\/09\/18b780e3_71d97150-Duni-4-100x100.webp 100w, https:\/\/www.gilde.ch\/wp-content\/uploads\/2025\/09\/18b780e3_71d97150-Duni-4-600x600.webp 600w, https:\/\/www.gilde.ch\/wp-content\/uploads\/2025\/09\/18b780e3_71d97150-Duni-4-150x150.webp 150w, https:\/\/www.gilde.ch\/wp-content\/uploads\/2025\/09\/18b780e3_71d97150-Duni-4-768x768.webp 768w\" sizes=\"(max-width: 960px) 100vw, 960px\" \/><\/a><\/figure>\n\n\n\n<figure class=\"wp-block-image size-full is-resized\"><a href=\"\/de\/ueber-uns\/partner\/\"><img loading=\"lazy\" decoding=\"async\" width=\"300\" height=\"165\" src=\"https:\/\/www.gilde.ch\/wp-content\/uploads\/2025\/09\/Logo-Bens-Original-Orange-300x165-3.webp\" alt=\"\" class=\"wp-image-39803\" style=\"width:100px\"\/><\/a><\/figure>\n<\/div>\n<\/div>\n<\/div>\n\n\n\n<h3 class=\"wp-block-heading\">So k\u00f6nnen Sie als Gast mithelfen:<\/h3>\n\n\n\n<ul class=\"wp-block-list\">\n<li>? W\u00e4hlen Sie ein Charity-Men\u00fc \u2013 der Spendenbetrag ist inklusive<\/li>\n\n\n\n<li>? Oder unterst\u00fctzen Sie mit einem freiwilligen Aufpreis von CHF 5.\u2013 auf der Rechnung<\/li>\n\n\n\n<li>? Ihre Spende ist <strong>mehrwertsteuerfrei<\/strong> und kommt in voller H\u00f6he an<\/li>\n<\/ul>\n\n\n\n<h3 class=\"wp-block-heading\">Gemeinsam Gutes tun \u2013 regional und schweizweit<\/h3>\n\n\n\n<p>Einige Regionen veranstalten die Charity Weeks auch <strong>gemeinsam<\/strong> \u2013 mit einheitlicher Kommunikation, gemeinsamen Flyern und mehr Sichtbarkeit. So entstehen lokale Netzwerke, die verbinden \u2013 f\u00fcr den guten Zweck und f\u00fcr unsere G\u00e4ste.<\/p>\n\n\n\n<h3 class=\"wp-block-heading\">Aktuelle Teilnehmer<\/h3>\n\n\n\n<p>Die Liste der teilnehmenden Restaurants ver\u00f6ffentlichen wir laufend auf unserer Website und bewerben die Aktion zus\u00e4tzlich \u00fcber <strong>soziale Medien, Flyer und Men\u00fckarten<\/strong>.<\/p>\n\n\n\n<p><strong>Tun Sie Gutes und geniessen Sie dabei ein exzellentes Essen. Wir freuen uns auf Ihren Besuch!<\/strong><\/p>\n\n\n\n<p><strong>Schweizweit am Samstag, 6. September 2025<\/strong><\/p>\n\n\n\n<p>Am 6. September 2025 ist es wieder soweit: Die Gilde etablierter Schweizer Gastronomen l\u00e4dt zum grossen Gilde-Kochtag ein \u2013 unserem schweizweiten kulinarischen Engagement f\u00fcr den guten Zweck. Gemeinsam kochen wir f\u00fcr Menschen mit Multipler Sklerose (MS) und unterst\u00fctzen die Arbeit der <strong>Schweizerischen MS-Gesellschaft<\/strong>.<\/p>\n\n\n\n<p>In zahlreichen St\u00e4dten und D\u00f6rfern in der ganzen Schweiz bereiten unsere Gilde-Betriebe ein feines Risotto zu, das vor Ort verkauft wird. Der Erl\u00f6s wird wie immer gespendet:<br>? 50 % an die MS-Gesellschaft<br>? 50 % an eine vom Standchef gew\u00e4hlte regionale Organisation<\/p>\n\n\n\n<p>Seit 1997 wurden durch den Gilde-Kochtag und die Charity Weeks bereits \u00fcber <strong>2 Millionen Franken<\/strong> gesammelt.<\/p>\n\n\n\n<h3 class=\"wp-block-heading\">Warum mitmachen oder vorbeischauen?<\/h3>\n\n\n\n<ul class=\"wp-block-list\">\n<li>? Geniessen Sie ein leckeres Risotto und tun Sie dabei Gutes<\/li>\n\n\n\n<li>? Unterst\u00fctzen Sie Menschen mit MS und regionale Institutionen<\/li>\n\n\n\n<li>? Erleben Sie das Engagement der Schweizer Gastronomie hautnah<\/li>\n<\/ul>\n\n\n\n<p><strong>Der Gilde-Kochtag ist nicht nur ein Fest f\u00fcr den Gaumen, sondern auch ein Fest der Solidarit\u00e4t.<\/strong><\/p>\n\n\n\n<h3 class=\"wp-block-heading\">Impressionen des <strong>Gilde-Kochtag<\/strong> am 7. September 2024<\/h3>\n\n\n\n<figure class=\"wp-block-gallery has-nested-images columns-default is-cropped wp-block-gallery-1 is-layout-flex wp-block-gallery-is-layout-flex\">\n<figure class=\"wp-block-image size-large\"><img decoding=\"async\" data-id=\"4956\" src=\"https:\/\/www.gilde.ch\/wp-content\/uploads\/2023\/09\/1-1024x683.jpg\" alt=\"\" class=\"wp-image-4956\"\/><\/figure>\n\n\n\n<figure class=\"wp-block-image size-large\"><img decoding=\"async\" data-id=\"4948\" src=\"https:\/\/www.gilde.ch\/wp-content\/uploads\/2023\/09\/11-1024x683.jpg\" alt=\"\" class=\"wp-image-4948\"\/><\/figure>\n\n\n\n<figure class=\"wp-block-image size-large\"><img decoding=\"async\" data-id=\"4954\" src=\"https:\/\/www.gilde.ch\/wp-content\/uploads\/2023\/09\/2-1024x683.jpg\" alt=\"\" class=\"wp-image-4954\"\/><\/figure>\n\n\n\n<figure class=\"wp-block-image size-large\"><img decoding=\"async\" data-id=\"4946\" src=\"https:\/\/www.gilde.ch\/wp-content\/uploads\/2023\/09\/5-1024x683.jpg\" alt=\"\" class=\"wp-image-4946\"\/><\/figure>\n\n\n\n<figure class=\"wp-block-image size-large\"><img decoding=\"async\" data-id=\"4942\" src=\"https:\/\/www.gilde.ch\/wp-content\/uploads\/2023\/09\/4-1024x683.jpg\" alt=\"\" class=\"wp-image-4942\"\/><\/figure>\n\n\n\n<figure class=\"wp-block-image size-large\"><img decoding=\"async\" data-id=\"4940\" src=\"https:\/\/www.gilde.ch\/wp-content\/uploads\/2023\/09\/Gilde-Kochtag-24.jpg\" alt=\"\" class=\"wp-image-4940\"\/><\/figure>\n<\/figure>\n\n\n\n<h2 class=\"wp-block-heading\"><strong>Weitere Informationen zur Partnerschaft der Gilde und der Schweizerischen MS-Gesellschaft finden Sie auf der Homepage von MS Schweiz<\/strong>:<br><br><a href=\"https:\/\/www.multiplesklerose.ch\/de\/spenden-helfen\/benefizevents\/gilde-charity-herbst\/\">https:\/\/www.multiplesklerose.ch\/de\/spenden-helfen\/benefizevents\/gilde-charity-herbst\/<\/a><\/h2>\n\n\n\n<figure class=\"wp-block-image size-full is-resized\"><img decoding=\"async\" src=\"https:\/\/www.gilde.ch\/wp-content\/uploads\/2024\/07\/images-1.png\" alt=\"\" class=\"wp-image-6641\" style=\"width:276px;height:auto\"\/><\/figure>\n\n\n\n<p><\/p>\n\n\n\n<p><\/p>\n","protected":false},"excerpt":{"rendered":"<p>Unsere Engagements als Gilde Fachvereinigung Das Engagement der Gilde etablierter Schweizer Gastronomen f\u00fcr den guten Ruf der Schweizer Gastronomie ist beeindruckend: Abgesehen vom j\u00e4hrlichen \u00abGilde Kochtag\u00bb organisiert die Gilde die j\u00e4hrlichen \u00abCharity Week\u00bb, engagiert sich die Gilde Fachvereinigung stark f\u00fcr Aus- und Weiterbildungen und pflegt wertvolle Kontakte im In- und Ausland. Gilde Charity Weeks 2025 [&hellip;]<\/p>\n","protected":false},"author":2,"featured_media":0,"parent":33707,"menu_order":1,"comment_status":"closed","ping_status":"closed","template":"","meta":{"_acf_changed":false,"footnotes":""},"class_list":["post-245","page","type-page","status-publish","hentry"],"acf":[],"_links":{"self":[{"href":"https:\/\/www.gilde.ch\/de\/wp-json\/wp\/v2\/pages\/245\/"}],"collection":[{"href":"https:\/\/www.gilde.ch\/de\/wp-json\/wp\/v2\/pages\/"}],"about":[{"href":"https:\/\/www.gilde.ch\/de\/wp-json\/wp\/v2\/types\/page\/"}],"author":[{"embeddable":true,"href":"https:\/\/www.gilde.ch\/de\/wp-json\/wp\/v2\/users\/2\/"}],"replies":[{"embeddable":true,"href":"https:\/\/www.gilde.ch\/de\/wp-json\/wp\/v2\/comments\/?post=245"}],"version-history":[{"count":10,"href":"https:\/\/www.gilde.ch\/de\/wp-json\/wp\/v2\/pages\/245\/revisions\/"}],"predecessor-version":[{"id":42680,"href":"https:\/\/www.gilde.ch\/de\/wp-json\/wp\/v2\/pages\/245\/revisions\/42680\/"}],"up":[{"embeddable":true,"href":"https:\/\/www.gilde.ch\/de\/wp-json\/wp\/v2\/pages\/33707\/"}],"wp:attachment":[{"href":"https:\/\/www.gilde.ch\/de\/wp-json\/wp\/v2\/media\/?parent=245"}],"curies":[{"name":"wp","href":"https:\/\/api.w.org\/{rel}","templated":true}]}}