{"id":2166,"date":"2020-03-19T10:08:59","date_gmt":"2020-03-19T09:08:59","guid":{"rendered":"https:\/\/www.gilde.ch\/?page_id=2166"},"modified":"2025-09-24T22:12:58","modified_gmt":"2025-09-24T20:12:58","slug":"take-away-delivery","status":"publish","type":"page","link":"https:\/\/www.gilde.ch\/de\/restaurant-suche\/take-away-delivery\/","title":{"rendered":"Take-Away und Home-Delivery"},"content":{"rendered":"\n<p>Statt selbst die Kochl\u00f6ffel zu schwingen k\u00f6nnen Sie ganz einfach hier auf unserer Webseite auf kulinarische Entdeckungsreise gehen.  Schauen Sie unsere Liste der Gilde Betriebe durch und finden Sie Ihr Restaurant, welches abwechslungsreiche Take-Away-Gerichte oder gar praktischen Home Delivery-Service anbietet. Sie k\u00f6nnen auch v\u00f6llig neue Gerichte f\u00fcr sich entdecken. Vielleicht finden Sie neue <a href=\"https:\/\/www.gilde.ch\/restaurant-suche\/fisch\/\">Fisch und Seafood<\/a> Anregungen oder gar <a href=\"https:\/\/www.gilde.ch\/restaurant-suche\/fleisch-und-grill-restaurants\/\">Fleisch oder Grillgerichte<\/a>, die Ihren Gaumen verw\u00f6hnen?  Lassen Sie sich inspirieren&#8230;<\/p>\n\n\n\n<p>Jetzt einfach Lieblingsrestaurant ausw\u00e4hlen, Essen bestellen, abholen und geniessen \u2013 in den eigenen vier W\u00e4nden. Die Gilde w\u00fcnscht \u00aben Guete\u00bb!<\/p>\n","protected":false},"excerpt":{"rendered":"<p>Statt selbst die Kochl\u00f6ffel zu schwingen k\u00f6nnen Sie ganz einfach hier auf unserer Webseite auf kulinarische Entdeckungsreise gehen. Schauen Sie unsere Liste der Gilde Betriebe durch und finden Sie Ihr Restaurant, welches abwechslungsreiche Take-Away-Gerichte oder gar praktischen Home Delivery-Service anbietet. Sie k\u00f6nnen auch v\u00f6llig neue Gerichte f\u00fcr sich entdecken. Vielleicht finden Sie neue Fisch und [&hellip;]<\/p>\n","protected":false},"author":2,"featured_media":0,"parent":33705,"menu_order":0,"comment_status":"closed","ping_status":"closed","template":"page-restaurants.php","meta":{"_acf_changed":false,"footnotes":""},"class_list":["post-2166","page","type-page","status-publish","hentry"],"acf":[],"_links":{"self":[{"href":"https:\/\/www.gilde.ch\/de\/wp-json\/wp\/v2\/pages\/2166\/"}],"collection":[{"href":"https:\/\/www.gilde.ch\/de\/wp-json\/wp\/v2\/pages\/"}],"about":[{"href":"https:\/\/www.gilde.ch\/de\/wp-json\/wp\/v2\/types\/page\/"}],"author":[{"embeddable":true,"href":"https:\/\/www.gilde.ch\/de\/wp-json\/wp\/v2\/users\/2\/"}],"replies":[{"embeddable":true,"href":"https:\/\/www.gilde.ch\/de\/wp-json\/wp\/v2\/comments\/?post=2166"}],"version-history":[{"count":1,"href":"https:\/\/www.gilde.ch\/de\/wp-json\/wp\/v2\/pages\/2166\/revisions\/"}],"predecessor-version":[{"id":39385,"href":"https:\/\/www.gilde.ch\/de\/wp-json\/wp\/v2\/pages\/2166\/revisions\/39385\/"}],"up":[{"embeddable":true,"href":"https:\/\/www.gilde.ch\/de\/wp-json\/wp\/v2\/pages\/33705\/"}],"wp:attachment":[{"href":"https:\/\/www.gilde.ch\/de\/wp-json\/wp\/v2\/media\/?parent=2166"}],"curies":[{"name":"wp","href":"https:\/\/api.w.org\/{rel}","templated":true}]}}